{"id":97,"date":"2024-11-25T14:59:29","date_gmt":"2024-11-25T14:59:29","guid":{"rendered":"https:\/\/agf.marketingbambu.com\/?page_id=97"},"modified":"2024-12-28T14:43:56","modified_gmt":"2024-12-28T14:43:56","slug":"agf-integral","status":"publish","type":"page","link":"https:\/\/agf.marketingbambu.com\/en\/agf-integral\/","title":{"rendered":"AGF Integral"},"content":{"rendered":"<div data-elementor-type=\"wp-page\" data-elementor-id=\"97\" class=\"elementor elementor-97\" data-elementor-post-type=\"page\">\n\t\t\t\t<div class=\"elementor-element elementor-element-4c77cbe e-flex e-con-boxed e-con e-parent\" data-id=\"4c77cbe\" data-element_type=\"container\" data-settings=\"{&quot;background_background&quot;:&quot;classic&quot;}\">\n\t\t\t\t\t<div class=\"e-con-inner\">\n\t\t\t\t\t<\/div>\n\t\t\t\t<\/div>\n\t\t<div class=\"elementor-element elementor-element-5f34c48 e-flex e-con-boxed e-con e-parent\" data-id=\"5f34c48\" data-element_type=\"container\">\n\t\t\t\t\t<div class=\"e-con-inner\">\n\t\t<div class=\"elementor-element elementor-element-441b2ef e-con-full e-flex e-con e-child\" data-id=\"441b2ef\" data-element_type=\"container\">\n\t\t\t\t<div class=\"elementor-element elementor-element-701759f elementor-widget elementor-widget-heading\" data-id=\"701759f\" data-element_type=\"widget\" data-widget_type=\"heading.default\">\n\t\t\t\t<div class=\"elementor-widget-container\">\n\t\t\t<h2 class=\"elementor-heading-title elementor-size-default\">AGF Integral<\/h2>\t\t<\/div>\n\t\t\t\t<\/div>\n\t\t\t\t<div class=\"elementor-element elementor-element-e2f214c elementor-widget elementor-widget-text-editor\" data-id=\"e2f214c\" data-element_type=\"widget\" data-widget_type=\"text-editor.default\">\n\t\t\t\t<div class=\"elementor-widget-container\">\n\t\t\t\t\t\t\t<p>With over 100 years of experience, the Fern\u00e1ndez Agency has established itself as a leader in foreign trade thanks to the commitment, dedication, customer service quality, and professionalism with which we work.<\/p>\t\t\t\t\t\t<\/div>\n\t\t\t\t<\/div>\n\t\t\t\t<\/div>\n\t\t<div class=\"elementor-element elementor-element-f6ae49d e-con-full e-flex e-con e-child\" data-id=\"f6ae49d\" data-element_type=\"container\">\n\t\t\t\t<div class=\"elementor-element elementor-element-93b7950 elementor-widget elementor-widget-heading\" data-id=\"93b7950\" data-element_type=\"widget\" data-widget_type=\"heading.default\">\n\t\t\t\t<div class=\"elementor-widget-container\">\n\t\t\t<h2 class=\"elementor-heading-title elementor-size-default\">AGF<\/h2>\t\t<\/div>\n\t\t\t\t<\/div>\n\t\t\t\t<div class=\"elementor-element elementor-element-93d77db elementor-widget elementor-widget-text-editor\" data-id=\"93d77db\" data-element_type=\"widget\" data-widget_type=\"text-editor.default\">\n\t\t\t\t<div class=\"elementor-widget-container\">\n\t\t\t\t\t\t\t<p>Throughout this journey, we have built strategic ties and relationships that allow us to continue growing and strengthening our position as a leading company in customs brokerage.<\/p>\t\t\t\t\t\t<\/div>\n\t\t\t\t<\/div>\n\t\t\t\t<\/div>\n\t\t\t\t\t<\/div>\n\t\t\t\t<\/div>\n\t\t<div class=\"elementor-element elementor-element-603bf72 e-flex e-con-boxed e-con e-parent\" data-id=\"603bf72\" data-element_type=\"container\">\n\t\t\t\t\t<div class=\"e-con-inner\">\n\t\t<div class=\"elementor-element elementor-element-28f8494 e-con-full e-flex e-con e-child\" data-id=\"28f8494\" data-element_type=\"container\">\n\t\t\t\t<div class=\"elementor-element elementor-element-ce965bf elementor-widget elementor-widget-image\" data-id=\"ce965bf\" data-element_type=\"widget\" data-widget_type=\"image.default\">\n\t\t\t\t<div class=\"elementor-widget-container\">\n\t\t\t\t\t\t\t\t\t\t\t\t\t\t<a href=\"https:\/\/www.sudatlantica.com.py\/\" target=\"_blank\">\n\t\t\t\t\t\t\t<img fetchpriority=\"high\" decoding=\"async\" width=\"800\" height=\"483\" src=\"https:\/\/agf.marketingbambu.com\/wp-content\/uploads\/2024\/12\/WhatsApp-Image-2024-12-18-at-16.19.25-1024x618.jpeg\" class=\"attachment-large size-large wp-image-466\" alt=\"\" srcset=\"https:\/\/agf.marketingbambu.com\/wp-content\/uploads\/2024\/12\/WhatsApp-Image-2024-12-18-at-16.19.25-1024x618.jpeg 1024w, https:\/\/agf.marketingbambu.com\/wp-content\/uploads\/2024\/12\/WhatsApp-Image-2024-12-18-at-16.19.25-300x181.jpeg 300w, https:\/\/agf.marketingbambu.com\/wp-content\/uploads\/2024\/12\/WhatsApp-Image-2024-12-18-at-16.19.25-768x463.jpeg 768w, https:\/\/agf.marketingbambu.com\/wp-content\/uploads\/2024\/12\/WhatsApp-Image-2024-12-18-at-16.19.25.jpeg 1280w\" sizes=\"(max-width: 800px) 100vw, 800px\" \/>\t\t\t\t\t\t\t\t<\/a>\n\t\t\t\t\t\t\t\t\t\t\t\t\t<\/div>\n\t\t\t\t<\/div>\n\t\t\t\t<\/div>\n\t\t<div class=\"elementor-element elementor-element-6bc2004 e-con-full e-flex e-con e-child\" data-id=\"6bc2004\" data-element_type=\"container\">\n\t\t\t\t<div class=\"elementor-element elementor-element-150ce56 elementor-widget elementor-widget-heading\" data-id=\"150ce56\" data-element_type=\"widget\" data-widget_type=\"heading.default\">\n\t\t\t\t<div class=\"elementor-widget-container\">\n\t\t\t<h5 class=\"elementor-heading-title elementor-size-default\">PARTNERSHIP WITH SUDATL\u00c1NTICA <\/h5>\t\t<\/div>\n\t\t\t\t<\/div>\n\t\t\t\t<div class=\"elementor-element elementor-element-c44762e elementor-widget elementor-widget-text-editor\" data-id=\"c44762e\" data-element_type=\"widget\" data-widget_type=\"text-editor.default\">\n\t\t\t\t<div class=\"elementor-widget-container\">\n\t\t\t\t\t\t\t<p>AGF has established a strategic alliance with <strong>Sudatl\u00e1ntica S.A.<\/strong>whose expertise as forwarders enables us to o\ufb00er a wide and comprehensive range of international freight services, including sea, air and land transport. <strong>This partnership positions us as leaders in customs brokerage by improving client service and ensuring integral solutions in international trade.<\/strong><\/p><p><br \/><strong>Sudatl\u00e1ntica S.A.<\/strong>is renowned for its experience and commitment to providing excellent service, delivering freight solutions to any part of the world. This motivated us to pursue this collaborative and united work agreement.<\/p>\t\t\t\t\t\t<\/div>\n\t\t\t\t<\/div>\n\t\t\t\t<\/div>\n\t\t\t\t\t<\/div>\n\t\t\t\t<\/div>\n\t\t<div class=\"elementor-element elementor-element-3b83c63 e-flex e-con-boxed e-con e-parent\" data-id=\"3b83c63\" data-element_type=\"container\">\n\t\t\t\t\t<div class=\"e-con-inner\">\n\t\t<div class=\"elementor-element elementor-element-87e012a e-con-full e-flex e-con e-child\" data-id=\"87e012a\" data-element_type=\"container\">\n\t\t\t\t<div class=\"elementor-element elementor-element-8090900 elementor-widget elementor-widget-image\" data-id=\"8090900\" data-element_type=\"widget\" data-widget_type=\"image.default\">\n\t\t\t\t<div class=\"elementor-widget-container\">\n\t\t\t\t\t\t\t\t\t\t\t\t\t<img decoding=\"async\" width=\"170\" height=\"169\" src=\"https:\/\/agf.marketingbambu.com\/wp-content\/uploads\/2024\/11\/Recurso-1.png\" class=\"attachment-large size-large wp-image-227\" alt=\"\" srcset=\"https:\/\/agf.marketingbambu.com\/wp-content\/uploads\/2024\/11\/Recurso-1.png 170w, https:\/\/agf.marketingbambu.com\/wp-content\/uploads\/2024\/11\/Recurso-1-150x150.png 150w\" sizes=\"(max-width: 170px) 100vw, 170px\" \/>\t\t\t\t\t\t\t\t\t\t\t\t\t<\/div>\n\t\t\t\t<\/div>\n\t\t\t\t<\/div>\n\t\t<div class=\"elementor-element elementor-element-e9dae2a e-con-full e-flex e-con e-child\" data-id=\"e9dae2a\" data-element_type=\"container\">\n\t\t\t\t<div class=\"elementor-element elementor-element-0ec6ecc elementor-widget elementor-widget-heading\" data-id=\"0ec6ecc\" data-element_type=\"widget\" data-widget_type=\"heading.default\">\n\t\t\t\t<div class=\"elementor-widget-container\">\n\t\t\t<h5 class=\"elementor-heading-title elementor-size-default\">STRATEGIC PARTNERSHIP WITH MARKETING BAMB\u00da <\/h5>\t\t<\/div>\n\t\t\t\t<\/div>\n\t\t\t\t<div class=\"elementor-element elementor-element-d9f7da7 elementor-widget elementor-widget-text-editor\" data-id=\"d9f7da7\" data-element_type=\"widget\" data-widget_type=\"text-editor.default\">\n\t\t\t\t<div class=\"elementor-widget-container\">\n\t\t\t\t\t\t\t<p>We are proud to announce our collaboration with <strong>Marketing Bambu, an agency recognized for its creativity and experience.<\/strong> This strategic partnership aims to strengthen our presence in both national and international markets and improve our communication strategies.<\/p><p><strong><br \/>United by shared values, we will work together to o\ufb00er integral services and promote sustainable joint growth.<\/strong><\/p>\t\t\t\t\t\t<\/div>\n\t\t\t\t<\/div>\n\t\t\t\t<\/div>\n\t\t\t\t\t<\/div>\n\t\t\t\t<\/div>\n\t\t\t\t<\/div>","protected":false},"excerpt":{"rendered":"<p>AGF Integral Con m\u00e1s de 100 a\u00f1os de trayectoria, Agencia Fern\u00e1ndez logr\u00f3 consolidarse como una empresa l\u00edder en materia de comercio exterior y esto es gracias al compromiso, dedicaci\u00f3n, calidad de y profesionalismo con el que trabajamos. AGF A lo largo de este camino, hemos establecido v\u00ednculos y lazos estrat\u00e9gicos que nos permiten continuar creciendo [&hellip;]<\/p>","protected":false},"author":1,"featured_media":0,"parent":0,"menu_order":0,"comment_status":"closed","ping_status":"closed","template":"","meta":{"footnotes":""},"class_list":["post-97","page","type-page","status-publish","hentry"],"_links":{"self":[{"href":"https:\/\/agf.marketingbambu.com\/en\/wp-json\/wp\/v2\/pages\/97","targetHints":{"allow":["GET"]}}],"collection":[{"href":"https:\/\/agf.marketingbambu.com\/en\/wp-json\/wp\/v2\/pages"}],"about":[{"href":"https:\/\/agf.marketingbambu.com\/en\/wp-json\/wp\/v2\/types\/page"}],"author":[{"embeddable":true,"href":"https:\/\/agf.marketingbambu.com\/en\/wp-json\/wp\/v2\/users\/1"}],"replies":[{"embeddable":true,"href":"https:\/\/agf.marketingbambu.com\/en\/wp-json\/wp\/v2\/comments?post=97"}],"version-history":[{"count":61,"href":"https:\/\/agf.marketingbambu.com\/en\/wp-json\/wp\/v2\/pages\/97\/revisions"}],"predecessor-version":[{"id":510,"href":"https:\/\/agf.marketingbambu.com\/en\/wp-json\/wp\/v2\/pages\/97\/revisions\/510"}],"wp:attachment":[{"href":"https:\/\/agf.marketingbambu.com\/en\/wp-json\/wp\/v2\/media?parent=97"}],"curies":[{"name":"wp","href":"https:\/\/api.w.org\/{rel}","templated":true}]}}