{"id":92,"date":"2024-11-25T14:59:12","date_gmt":"2024-11-25T14:59:12","guid":{"rendered":"https:\/\/agf.marketingbambu.com\/?page_id=92"},"modified":"2024-12-23T14:23:30","modified_gmt":"2024-12-23T14:23:30","slug":"nosotros","status":"publish","type":"page","link":"https:\/\/agf.marketingbambu.com\/en\/nosotros\/","title":{"rendered":"About Us"},"content":{"rendered":"<div data-elementor-type=\"wp-page\" data-elementor-id=\"92\" class=\"elementor elementor-92\" data-elementor-post-type=\"page\">\n\t\t\t\t<div class=\"elementor-element elementor-element-2994c44 e-flex e-con-boxed e-con e-parent\" data-id=\"2994c44\" data-element_type=\"container\" data-settings=\"{&quot;background_background&quot;:&quot;classic&quot;}\">\n\t\t\t\t\t<div class=\"e-con-inner\">\n\t\t\t\t\t<\/div>\n\t\t\t\t<\/div>\n\t\t<div class=\"elementor-element elementor-element-fdd2cf6 e-flex e-con-boxed e-con e-parent\" data-id=\"fdd2cf6\" data-element_type=\"container\">\n\t\t\t\t\t<div class=\"e-con-inner\">\n\t\t<div class=\"elementor-element elementor-element-92d1057 e-con-full e-flex e-con e-child\" data-id=\"92d1057\" data-element_type=\"container\">\n\t\t\t\t<div class=\"elementor-element elementor-element-60ca720 elementor-widget elementor-widget-heading\" data-id=\"60ca720\" data-element_type=\"widget\" data-widget_type=\"heading.default\">\n\t\t\t\t<div class=\"elementor-widget-container\">\n\t\t\t<h2 class=\"elementor-heading-title elementor-size-default\">About Us<\/h2>\t\t<\/div>\n\t\t\t\t<\/div>\n\t\t\t\t<div class=\"elementor-element elementor-element-8967b4c elementor-widget elementor-widget-text-editor\" data-id=\"8967b4c\" data-element_type=\"widget\" data-widget_type=\"text-editor.default\">\n\t\t\t\t<div class=\"elementor-widget-container\">\n\t\t\t\t\t\t\t<p><strong>The Fern\u00e1ndez Agency was founded in 1.922 by Mr. Victoriano Fernandez Arredondo, even before the Customs Broker profession was o\ufb03cially regulated.<\/strong><\/p><p>Later, his son, Licentiate Rub\u00e9n Fern\u00e1ndez Ar\u00e9valos, joined the firm, marking the first steps of a family-run company.<\/p><p>Currently, the company is managed by the third and fourth generations, represented by Rub\u00e9n Santiago Fern\u00e1ndez Crosa (President),with experience in the profession since 1.985, and Licentiate Santiago Daniel Fern\u00e1ndez Siemens (Director).<\/p>\t\t\t\t\t\t<\/div>\n\t\t\t\t<\/div>\n\t\t\t\t<\/div>\n\t\t<div class=\"elementor-element elementor-element-db85696 e-con-full e-flex e-con e-child\" data-id=\"db85696\" data-element_type=\"container\">\n\t\t\t\t<div class=\"elementor-element elementor-element-61d1f12 elementor-widget elementor-widget-image\" data-id=\"61d1f12\" data-element_type=\"widget\" data-widget_type=\"image.default\">\n\t\t\t\t<div class=\"elementor-widget-container\">\n\t\t\t\t\t\t\t\t\t\t\t\t\t<img fetchpriority=\"high\" decoding=\"async\" width=\"800\" height=\"959\" src=\"https:\/\/agf.marketingbambu.com\/wp-content\/uploads\/2024\/12\/AGF-4-generaciones-de-aduaneros-1-854x1024.png\" class=\"attachment-large size-large wp-image-495\" alt=\"\" srcset=\"https:\/\/agf.marketingbambu.com\/wp-content\/uploads\/2024\/12\/AGF-4-generaciones-de-aduaneros-1-854x1024.png 854w, https:\/\/agf.marketingbambu.com\/wp-content\/uploads\/2024\/12\/AGF-4-generaciones-de-aduaneros-1-250x300.png 250w, https:\/\/agf.marketingbambu.com\/wp-content\/uploads\/2024\/12\/AGF-4-generaciones-de-aduaneros-1-768x921.png 768w, https:\/\/agf.marketingbambu.com\/wp-content\/uploads\/2024\/12\/AGF-4-generaciones-de-aduaneros-1.png 1042w\" sizes=\"(max-width: 800px) 100vw, 800px\" \/>\t\t\t\t\t\t\t\t\t\t\t\t\t<\/div>\n\t\t\t\t<\/div>\n\t\t\t\t<\/div>\n\t\t\t\t\t<\/div>\n\t\t\t\t<\/div>\n\t\t<div class=\"elementor-element elementor-element-ca0b278 e-flex e-con-boxed e-con e-parent\" data-id=\"ca0b278\" data-element_type=\"container\">\n\t\t\t\t\t<div class=\"e-con-inner\">\n\t\t<div class=\"elementor-element elementor-element-118591f e-con-full e-flex e-con e-child\" data-id=\"118591f\" data-element_type=\"container\" data-settings=\"{&quot;background_background&quot;:&quot;classic&quot;}\">\n\t\t\t\t<div class=\"elementor-element elementor-element-746fa15 elementor-widget elementor-widget-heading\" data-id=\"746fa15\" data-element_type=\"widget\" data-widget_type=\"heading.default\">\n\t\t\t\t<div class=\"elementor-widget-container\">\n\t\t\t<h3 class=\"elementor-heading-title elementor-size-default\">Mission<\/h3>\t\t<\/div>\n\t\t\t\t<\/div>\n\t\t\t\t<div class=\"elementor-element elementor-element-fa0bffc elementor-widget elementor-widget-heading\" data-id=\"fa0bffc\" data-element_type=\"widget\" data-widget_type=\"heading.default\">\n\t\t\t\t<div class=\"elementor-widget-container\">\n\t\t\t<p class=\"elementor-heading-title elementor-size-default\">To provide comprehensive advisory services in foreign trade, meeting our clients\u2019 needs e\ufb03ciently, responsibly and professionally.<\/p>\t\t<\/div>\n\t\t\t\t<\/div>\n\t\t\t\t<\/div>\n\t\t<div class=\"elementor-element elementor-element-0f88c34 e-con-full e-flex e-con e-child\" data-id=\"0f88c34\" data-element_type=\"container\" data-settings=\"{&quot;background_background&quot;:&quot;classic&quot;}\">\n\t\t\t\t<div class=\"elementor-element elementor-element-48a9232 elementor-widget elementor-widget-heading\" data-id=\"48a9232\" data-element_type=\"widget\" data-widget_type=\"heading.default\">\n\t\t\t\t<div class=\"elementor-widget-container\">\n\t\t\t<h3 class=\"elementor-heading-title elementor-size-default\">Vision<\/h3>\t\t<\/div>\n\t\t\t\t<\/div>\n\t\t\t\t<div class=\"elementor-element elementor-element-f407836 elementor-widget elementor-widget-heading\" data-id=\"f407836\" data-element_type=\"widget\" data-widget_type=\"heading.default\">\n\t\t\t\t<div class=\"elementor-widget-container\">\n\t\t\t<p class=\"elementor-heading-title elementor-size-default\">To be the leading company in foreign trade, enhancing the competitive advantages of each of our clients.<\/p>\t\t<\/div>\n\t\t\t\t<\/div>\n\t\t\t\t<\/div>\n\t\t<div class=\"elementor-element elementor-element-07fb315 e-con-full e-flex e-con e-child\" data-id=\"07fb315\" data-element_type=\"container\" data-settings=\"{&quot;background_background&quot;:&quot;classic&quot;}\">\n\t\t\t\t<div class=\"elementor-element elementor-element-12ef175 elementor-widget elementor-widget-heading\" data-id=\"12ef175\" data-element_type=\"widget\" data-widget_type=\"heading.default\">\n\t\t\t\t<div class=\"elementor-widget-container\">\n\t\t\t<h3 class=\"elementor-heading-title elementor-size-default\">Values<\/h3>\t\t<\/div>\n\t\t\t\t<\/div>\n\t\t\t\t<div class=\"elementor-element elementor-element-7a5f44d elementor-widget elementor-widget-heading\" data-id=\"7a5f44d\" data-element_type=\"widget\" data-widget_type=\"heading.default\">\n\t\t\t\t<div class=\"elementor-widget-container\">\n\t\t\t<p class=\"elementor-heading-title elementor-size-default\">Experience, Honesty, Ethical Commitment, Professionalism, Teamwork<\/p>\t\t<\/div>\n\t\t\t\t<\/div>\n\t\t\t\t<\/div>\n\t\t\t\t\t<\/div>\n\t\t\t\t<\/div>\n\t\t\t\t<\/div>","protected":false},"excerpt":{"rendered":"<p>Nosotros La Agencia Fern\u00e1ndez fue fundada en 1922 por el se\u00f1or Victoriano Fern\u00e1ndez Arredondo, a\u00fan antes de que fuera reglamentada como profesi\u00f3n la gesti\u00f3n del Despachante de Aduanas. Luego, a\u00f1os m\u00e1s tarde, se incorpor\u00f3 a la firma su hijo el licenciado Rub\u00e9n Fern\u00e1ndez Ar\u00e9valos y su participaci\u00f3n configur\u00f3 los primeros pasos de una compa\u00f1\u00eda familiar. [&hellip;]<\/p>","protected":false},"author":1,"featured_media":0,"parent":0,"menu_order":0,"comment_status":"closed","ping_status":"closed","template":"","meta":{"footnotes":""},"class_list":["post-92","page","type-page","status-publish","hentry"],"_links":{"self":[{"href":"https:\/\/agf.marketingbambu.com\/en\/wp-json\/wp\/v2\/pages\/92","targetHints":{"allow":["GET"]}}],"collection":[{"href":"https:\/\/agf.marketingbambu.com\/en\/wp-json\/wp\/v2\/pages"}],"about":[{"href":"https:\/\/agf.marketingbambu.com\/en\/wp-json\/wp\/v2\/types\/page"}],"author":[{"embeddable":true,"href":"https:\/\/agf.marketingbambu.com\/en\/wp-json\/wp\/v2\/users\/1"}],"replies":[{"embeddable":true,"href":"https:\/\/agf.marketingbambu.com\/en\/wp-json\/wp\/v2\/comments?post=92"}],"version-history":[{"count":43,"href":"https:\/\/agf.marketingbambu.com\/en\/wp-json\/wp\/v2\/pages\/92\/revisions"}],"predecessor-version":[{"id":498,"href":"https:\/\/agf.marketingbambu.com\/en\/wp-json\/wp\/v2\/pages\/92\/revisions\/498"}],"wp:attachment":[{"href":"https:\/\/agf.marketingbambu.com\/en\/wp-json\/wp\/v2\/media?parent=92"}],"curies":[{"name":"wp","href":"https:\/\/api.w.org\/{rel}","templated":true}]}}