{"id":112,"date":"2024-11-25T15:00:27","date_gmt":"2024-11-25T15:00:27","guid":{"rendered":"https:\/\/agf.marketingbambu.com\/?page_id=112"},"modified":"2024-12-16T19:55:19","modified_gmt":"2024-12-16T19:55:19","slug":"contactenos","status":"publish","type":"page","link":"https:\/\/agf.marketingbambu.com\/en\/contactenos\/","title":{"rendered":"Contact Us"},"content":{"rendered":"<div data-elementor-type=\"wp-page\" data-elementor-id=\"112\" class=\"elementor elementor-112\" data-elementor-post-type=\"page\">\n\t\t\t\t<div class=\"elementor-element elementor-element-dc4517a e-flex e-con-boxed e-con e-parent\" data-id=\"dc4517a\" data-element_type=\"container\" data-settings=\"{&quot;background_background&quot;:&quot;classic&quot;}\">\n\t\t\t\t\t<div class=\"e-con-inner\">\n\t\t\t\t\t<\/div>\n\t\t\t\t<\/div>\n\t\t<div class=\"elementor-element elementor-element-8d4d979 e-flex e-con-boxed e-con e-parent\" data-id=\"8d4d979\" data-element_type=\"container\">\n\t\t\t\t\t<div class=\"e-con-inner\">\n\t\t\t\t<div class=\"elementor-element elementor-element-65e1409 elementor-widget elementor-widget-heading\" data-id=\"65e1409\" data-element_type=\"widget\" data-widget_type=\"heading.default\">\n\t\t\t\t<div class=\"elementor-widget-container\">\n\t\t\t<h2 class=\"elementor-heading-title elementor-size-default\">Contact Us<\/h2>\t\t<\/div>\n\t\t\t\t<\/div>\n\t\t\t\t<div class=\"elementor-element elementor-element-c125350 elementor-widget elementor-widget-shortcode\" data-id=\"c125350\" data-element_type=\"widget\" id=\"form-contacto\" data-widget_type=\"shortcode.default\">\n\t\t\t\t<div class=\"elementor-widget-container\">\n\t\t\t\t\t<div class=\"elementor-shortcode\">\n<div class=\"wpcf7 no-js\" id=\"wpcf7-f147-o1\" lang=\"en-US\" dir=\"ltr\" data-wpcf7-id=\"147\">\n<div class=\"screen-reader-response\"><p role=\"status\" aria-live=\"polite\" aria-atomic=\"true\"><\/p> <ul><\/ul><\/div>\n<form action=\"\/en\/wp-json\/wp\/v2\/pages\/112#wpcf7-f147-o1\" method=\"post\" class=\"wpcf7-form init\" aria-label=\"Contact form\" novalidate=\"novalidate\" data-status=\"init\" data-trp-original-action=\"\/en\/wp-json\/wp\/v2\/pages\/112#wpcf7-f147-o1\">\n<div style=\"display: none;\">\n<input type=\"hidden\" name=\"_wpcf7\" value=\"147\" \/>\n<input type=\"hidden\" name=\"_wpcf7_version\" value=\"6.0.1\" \/>\n<input type=\"hidden\" name=\"_wpcf7_locale\" value=\"en_US\" \/>\n<input type=\"hidden\" name=\"_wpcf7_unit_tag\" value=\"wpcf7-f147-o1\" \/>\n<input type=\"hidden\" name=\"_wpcf7_container_post\" value=\"0\" \/>\n<input type=\"hidden\" name=\"_wpcf7_posted_data_hash\" value=\"\" \/>\n<\/div>\n<div class=\"contenedor-form\">\n\t<p><label> First Name<br \/>\n<span class=\"wpcf7-form-control-wrap\" data-name=\"your-name\"><input size=\"40\" maxlength=\"400\" class=\"wpcf7-form-control wpcf7-text wpcf7-validates-as-required\" aria-required=\"true\" aria-invalid=\"false\" placeholder=\"Write\" value=\"\" type=\"text\" name=\"your-name\" \/><\/span> <\/label>\n\t<\/p>\n\t<p><label> Last Name<br \/>\n<span class=\"wpcf7-form-control-wrap\" data-name=\"your-name\"><input size=\"40\" maxlength=\"400\" class=\"wpcf7-form-control wpcf7-text wpcf7-validates-as-required\" aria-required=\"true\" aria-invalid=\"false\" placeholder=\"Write\" value=\"\" type=\"text\" name=\"your-name\" \/><\/span> <\/label>\n\t<\/p>\n<\/div>\n<div class=\"contenedor-form\">\n\t<p><label> E-mail<br \/>\n<span class=\"wpcf7-form-control-wrap\" data-name=\"your-email\"><input size=\"40\" maxlength=\"400\" class=\"wpcf7-form-control wpcf7-email wpcf7-validates-as-required wpcf7-text wpcf7-validates-as-email\" aria-required=\"true\" aria-invalid=\"false\" placeholder=\"email\" value=\"\" type=\"email\" name=\"your-email\" \/><\/span> <\/label>\n\t<\/p>\n\t<p><label> Contact Phone<br \/>\n<span class=\"wpcf7-form-control-wrap\" data-name=\"your-number\"><input class=\"wpcf7-form-control wpcf7-number wpcf7-validates-as-required wpcf7-validates-as-number\" autocomplete=\"number\" aria-required=\"true\" aria-invalid=\"false\" value=\"\" type=\"number\" name=\"your-number\" \/><\/span> <\/label>\n\t<\/p>\n<\/div>\n<div class=\"contenedor-form\">\n\t<p><label> Country<br \/>\n<span class=\"wpcf7-form-control-wrap\" data-name=\"your-pais\"><select class=\"wpcf7-form-control wpcf7-select\" aria-invalid=\"false\" name=\"your-pais\"><option value=\"Argentina\">Argentina<\/option><option value=\"Chile\">Chile<\/option><option value=\"Uruguay\">Uruguay<\/option><option value=\"Per\u00fa\">Per\u00fa<\/option><option value=\"Bolivia\">Bolivia<\/option><option value=\"Colombia\">Colombia<\/option><option value=\"Ecuador\">Ecuador<\/option><option value=\"Paraguay\">Paraguay<\/option><option value=\"USA\">USA<\/option><option value=\"M\u00e9xico\">M\u00e9xico<\/option><\/select><\/span> <\/label>\n\t<\/p>\n<\/div>\n<div class=\"contenedor-textarea\">\n\t<p><label> Leave us your inquires<br \/>\n<span class=\"wpcf7-form-control-wrap\" data-name=\"your-mensaje\"><textarea cols=\"40\" rows=\"10\" maxlength=\"2000\" class=\"wpcf7-form-control wpcf7-textarea\" aria-invalid=\"false\" placeholder=\"Write to us so we can better assist you\" name=\"your-mensaje\"><\/textarea><\/span> <\/label>\n\t<\/p>\n<\/div>\n<div class=\"contenedor-submit\">\n\t<p><input class=\"wpcf7-form-control wpcf7-submit has-spinner\" type=\"submit\" value=\"Enviar\" \/>\n\t<\/p>\n<\/div><div class=\"wpcf7-response-output\" aria-hidden=\"true\"><\/div>\n<input type=\"hidden\" name=\"trp-form-language\" value=\"en\"\/><\/form>\n<\/div>\n<\/div>\n\t\t\t\t<\/div>\n\t\t\t\t<\/div>\n\t\t\t\t\t<\/div>\n\t\t\t\t<\/div>\n\t\t<div class=\"elementor-element elementor-element-df81864 e-flex e-con-boxed e-con e-parent\" data-id=\"df81864\" data-element_type=\"container\">\n\t\t\t\t\t<div class=\"e-con-inner\">\n\t\t<div class=\"elementor-element elementor-element-860543b e-con-full e-flex e-con e-child\" data-id=\"860543b\" data-element_type=\"container\" data-settings=\"{&quot;background_background&quot;:&quot;classic&quot;}\">\n\t\t<div class=\"elementor-element elementor-element-b59221d e-con-full e-flex e-con e-child\" data-id=\"b59221d\" data-element_type=\"container\">\n\t\t\t\t<div class=\"elementor-element elementor-element-fcf3619 elementor-widget__width-initial elementor-widget elementor-widget-heading\" data-id=\"fcf3619\" data-element_type=\"widget\" data-widget_type=\"heading.default\">\n\t\t\t\t<div class=\"elementor-widget-container\">\n\t\t\t<span class=\"elementor-heading-title elementor-size-default\">Benjam\u00edn Constant 962 y\nCol\u00f3n | Tower Col\u00f3n 1<\/span>\t\t<\/div>\n\t\t\t\t<\/div>\n\t\t\t\t<div class=\"elementor-element elementor-element-730b287 elementor-widget elementor-widget-heading\" data-id=\"730b287\" data-element_type=\"widget\" data-widget_type=\"heading.default\">\n\t\t\t\t<div class=\"elementor-widget-container\">\n\t\t\t<span class=\"elementor-heading-title elementor-size-default\">Tower 1 - Floor 5 - Office D<\/span>\t\t<\/div>\n\t\t\t\t<\/div>\n\t\t<div class=\"elementor-element elementor-element-02377f1 e-con-full e-flex e-con e-child\" data-id=\"02377f1\" data-element_type=\"container\">\n\t\t\t\t<div class=\"elementor-element elementor-element-83aa102 elementor-widget elementor-widget-heading\" data-id=\"83aa102\" data-element_type=\"widget\" data-widget_type=\"heading.default\">\n\t\t\t\t<div class=\"elementor-widget-container\">\n\t\t\t<span class=\"elementor-heading-title elementor-size-default\"><a href=\"mailto:rfernandez@agf.com.py\">rfernandez@agf.com.py<\/a><\/span>\t\t<\/div>\n\t\t\t\t<\/div>\n\t\t\t\t<\/div>\n\t\t<div class=\"elementor-element elementor-element-d42fd78 e-con-full e-flex e-con e-child\" data-id=\"d42fd78\" data-element_type=\"container\">\n\t\t\t\t<div class=\"elementor-element elementor-element-ba72d67 elementor-widget elementor-widget-heading\" data-id=\"ba72d67\" data-element_type=\"widget\" data-widget_type=\"heading.default\">\n\t\t\t\t<div class=\"elementor-widget-container\">\n\t\t\t<span class=\"elementor-heading-title elementor-size-default\"><a href=\"tel: 5952144136\">(+595) (21) 441 36<\/a><\/span>\t\t<\/div>\n\t\t\t\t<\/div>\n\t\t\t\t<\/div>\n\t\t\t\t<\/div>\n\t\t\t\t<div class=\"elementor-element elementor-element-a37e2a9 elementor-widget__width-initial elementor-widget-tablet__width-inherit elementor-widget elementor-widget-google_maps\" data-id=\"a37e2a9\" data-element_type=\"widget\" data-widget_type=\"google_maps.default\">\n\t\t\t\t<div class=\"elementor-widget-container\">\n\t\t\t\t\t<div class=\"elementor-custom-embed\">\n\t\t\t<iframe loading=\"lazy\"\n\t\t\t\t\tsrc=\"https:\/\/maps.google.com\/maps?q=Benjam%C3%ADn%20Constant%20962&#038;t=m&#038;z=14&#038;output=embed&#038;iwloc=near\"\n\t\t\t\t\ttitle=\"Benjam\u00edn Constant 962\"\n\t\t\t\t\taria-label=\"Benjam\u00edn Constant 962\"\n\t\t\t><\/iframe>\n\t\t<\/div>\n\t\t\t\t<\/div>\n\t\t\t\t<\/div>\n\t\t\t\t<\/div>\n\t\t\t\t\t<\/div>\n\t\t\t\t<\/div>\n\t\t\t\t<\/div>","protected":false},"excerpt":{"rendered":"<p>Cont\u00e1ctenos Benjam\u00edn Constant 962 y Col\u00f3n | Edificio Col\u00f3n 1 Torre 1 &#8211; Piso 5 &#8211; Oficina D rfernandez@agf.com.py (+595) (21) 441 36<\/p>","protected":false},"author":1,"featured_media":0,"parent":0,"menu_order":0,"comment_status":"closed","ping_status":"closed","template":"","meta":{"footnotes":""},"class_list":["post-112","page","type-page","status-publish","hentry"],"_links":{"self":[{"href":"https:\/\/agf.marketingbambu.com\/en\/wp-json\/wp\/v2\/pages\/112","targetHints":{"allow":["GET"]}}],"collection":[{"href":"https:\/\/agf.marketingbambu.com\/en\/wp-json\/wp\/v2\/pages"}],"about":[{"href":"https:\/\/agf.marketingbambu.com\/en\/wp-json\/wp\/v2\/types\/page"}],"author":[{"embeddable":true,"href":"https:\/\/agf.marketingbambu.com\/en\/wp-json\/wp\/v2\/users\/1"}],"replies":[{"embeddable":true,"href":"https:\/\/agf.marketingbambu.com\/en\/wp-json\/wp\/v2\/comments?post=112"}],"version-history":[{"count":43,"href":"https:\/\/agf.marketingbambu.com\/en\/wp-json\/wp\/v2\/pages\/112\/revisions"}],"predecessor-version":[{"id":440,"href":"https:\/\/agf.marketingbambu.com\/en\/wp-json\/wp\/v2\/pages\/112\/revisions\/440"}],"wp:attachment":[{"href":"https:\/\/agf.marketingbambu.com\/en\/wp-json\/wp\/v2\/media?parent=112"}],"curies":[{"name":"wp","href":"https:\/\/api.w.org\/{rel}","templated":true}]}}