{"id":102,"date":"2024-11-25T14:59:49","date_gmt":"2024-11-25T14:59:49","guid":{"rendered":"https:\/\/agf.marketingbambu.com\/?page_id=102"},"modified":"2024-12-17T14:37:07","modified_gmt":"2024-12-17T14:37:07","slug":"servicios","status":"publish","type":"page","link":"https:\/\/agf.marketingbambu.com\/en\/servicios\/","title":{"rendered":"Services"},"content":{"rendered":"<div data-elementor-type=\"wp-page\" data-elementor-id=\"102\" class=\"elementor elementor-102\" data-elementor-post-type=\"page\">\n\t\t\t\t<div class=\"elementor-element elementor-element-821e831 e-flex e-con-boxed e-con e-parent\" data-id=\"821e831\" data-element_type=\"container\" data-settings=\"{&quot;background_background&quot;:&quot;classic&quot;}\">\n\t\t\t\t\t<div class=\"e-con-inner\">\n\t\t\t\t\t<\/div>\n\t\t\t\t<\/div>\n\t\t<div class=\"elementor-element elementor-element-8bee448 e-flex e-con-boxed e-con e-parent\" data-id=\"8bee448\" data-element_type=\"container\">\n\t\t\t\t\t<div class=\"e-con-inner\">\n\t\t<div class=\"elementor-element elementor-element-fcc0167 e-con-full e-flex e-con e-child\" data-id=\"fcc0167\" data-element_type=\"container\">\n\t\t\t\t<div class=\"elementor-element elementor-element-dc31af5 elementor-widget elementor-widget-heading\" data-id=\"dc31af5\" data-element_type=\"widget\" data-widget_type=\"heading.default\">\n\t\t\t\t<div class=\"elementor-widget-container\">\n\t\t\t<h2 class=\"elementor-heading-title elementor-size-default\">Services<\/h2>\t\t<\/div>\n\t\t\t\t<\/div>\n\t\t\t\t<div class=\"elementor-element elementor-element-10a5726 elementor-widget elementor-widget-text-editor\" data-id=\"10a5726\" data-element_type=\"widget\" data-widget_type=\"text-editor.default\">\n\t\t\t\t<div class=\"elementor-widget-container\">\n\t\t\t\t\t\t\t<p>We provide the widest range of services in Foreign Trade, handling all the necessary information so that our clients operations are carried out quickly and successfully.<\/p>\t\t\t\t\t\t<\/div>\n\t\t\t\t<\/div>\n\t\t\t\t<\/div>\n\t\t\t\t\t<\/div>\n\t\t\t\t<\/div>\n\t\t<div class=\"elementor-element elementor-element-5c67fbd e-flex e-con-boxed e-con e-parent\" data-id=\"5c67fbd\" data-element_type=\"container\">\n\t\t\t\t\t<div class=\"e-con-inner\">\n\t\t<div class=\"elementor-element elementor-element-d66b04e e-con-full e-flex e-con e-child\" data-id=\"d66b04e\" data-element_type=\"container\">\n\t\t\t\t<div class=\"elementor-element elementor-element-caabf11 elementor-widget elementor-widget-heading\" data-id=\"caabf11\" data-element_type=\"widget\" data-widget_type=\"heading.default\">\n\t\t\t\t<div class=\"elementor-widget-container\">\n\t\t\t<span class=\"elementor-heading-title elementor-size-default\">Custom Brokerage\n\n\n\n<\/span>\t\t<\/div>\n\t\t\t\t<\/div>\n\t\t\t\t<div class=\"elementor-element elementor-element-05dd665 elementor-widget elementor-widget-heading\" data-id=\"05dd665\" data-element_type=\"widget\" data-widget_type=\"heading.default\">\n\t\t\t\t<div class=\"elementor-widget-container\">\n\t\t\t<span class=\"elementor-heading-title elementor-size-default\">Importation\n\n\n<\/span>\t\t<\/div>\n\t\t\t\t<\/div>\n\t\t\t\t<div class=\"elementor-element elementor-element-9010f45 elementor-widget elementor-widget-heading\" data-id=\"9010f45\" data-element_type=\"widget\" data-widget_type=\"heading.default\">\n\t\t\t\t<div class=\"elementor-widget-container\">\n\t\t\t<span class=\"elementor-heading-title elementor-size-default\">Exportation\n\n<\/span>\t\t<\/div>\n\t\t\t\t<\/div>\n\t\t\t\t<div class=\"elementor-element elementor-element-29817a0 elementor-widget elementor-widget-heading\" data-id=\"29817a0\" data-element_type=\"widget\" data-widget_type=\"heading.default\">\n\t\t\t\t<div class=\"elementor-widget-container\">\n\t\t\t<span class=\"elementor-heading-title elementor-size-default\">Temporary Admission\n\n<\/span>\t\t<\/div>\n\t\t\t\t<\/div>\n\t\t\t\t<div class=\"elementor-element elementor-element-e318be2 elementor-widget elementor-widget-heading\" data-id=\"e318be2\" data-element_type=\"widget\" data-widget_type=\"heading.default\">\n\t\t\t\t<div class=\"elementor-widget-container\">\n\t\t\t<span class=\"elementor-heading-title elementor-size-default\">Maquila Regime\n\n<\/span>\t\t<\/div>\n\t\t\t\t<\/div>\n\t\t\t\t<div class=\"elementor-element elementor-element-2cff025 elementor-widget elementor-widget-heading\" data-id=\"2cff025\" data-element_type=\"widget\" data-widget_type=\"heading.default\">\n\t\t\t\t<div class=\"elementor-widget-container\">\n\t\t\t<span class=\"elementor-heading-title elementor-size-default\">Investment Projects under law 60\/90\n<\/span>\t\t<\/div>\n\t\t\t\t<\/div>\n\t\t\t\t<div class=\"elementor-element elementor-element-4f4b4f5 elementor-widget elementor-widget-heading\" data-id=\"4f4b4f5\" data-element_type=\"widget\" data-widget_type=\"heading.default\">\n\t\t\t\t<div class=\"elementor-widget-container\">\n\t\t\t<span class=\"elementor-heading-title elementor-size-default\">Market Studies\n\n<\/span>\t\t<\/div>\n\t\t\t\t<\/div>\n\t\t\t\t<\/div>\n\t\t<div class=\"elementor-element elementor-element-2e4e76c e-con-full e-flex e-con e-child\" data-id=\"2e4e76c\" data-element_type=\"container\">\n\t\t\t\t<div class=\"elementor-element elementor-element-38d1e82 elementor-widget elementor-widget-heading\" data-id=\"38d1e82\" data-element_type=\"widget\" data-widget_type=\"heading.default\">\n\t\t\t\t<div class=\"elementor-widget-container\">\n\t\t\t<span class=\"elementor-heading-title elementor-size-default\">Business Incorporation\n\n<\/span>\t\t<\/div>\n\t\t\t\t<\/div>\n\t\t\t\t<div class=\"elementor-element elementor-element-6758d4e elementor-widget elementor-widget-heading\" data-id=\"6758d4e\" data-element_type=\"widget\" data-widget_type=\"heading.default\">\n\t\t\t\t<div class=\"elementor-widget-container\">\n\t\t\t<span class=\"elementor-heading-title elementor-size-default\">Joint Ventures\n<\/span>\t\t<\/div>\n\t\t\t\t<\/div>\n\t\t\t\t<div class=\"elementor-element elementor-element-27c654f elementor-widget elementor-widget-heading\" data-id=\"27c654f\" data-element_type=\"widget\" data-widget_type=\"heading.default\">\n\t\t\t\t<div class=\"elementor-widget-container\">\n\t\t\t<span class=\"elementor-heading-title elementor-size-default\">Coordination of Land, Air, and Sea Freight<\/span>\t\t<\/div>\n\t\t\t\t<\/div>\n\t\t\t\t<div class=\"elementor-element elementor-element-c2a5790 elementor-widget elementor-widget-heading\" data-id=\"c2a5790\" data-element_type=\"widget\" data-widget_type=\"heading.default\">\n\t\t\t\t<div class=\"elementor-widget-container\">\n\t\t\t<span class=\"elementor-heading-title elementor-size-default\">Import Insurance<\/span>\t\t<\/div>\n\t\t\t\t<\/div>\n\t\t\t\t<div class=\"elementor-element elementor-element-2db5f39 elementor-widget elementor-widget-heading\" data-id=\"2db5f39\" data-element_type=\"widget\" data-widget_type=\"heading.default\">\n\t\t\t\t<div class=\"elementor-widget-container\">\n\t\t\t<span class=\"elementor-heading-title elementor-size-default\">Transportation and Logistics<\/span>\t\t<\/div>\n\t\t\t\t<\/div>\n\t\t\t\t<div class=\"elementor-element elementor-element-5e8f736 elementor-widget elementor-widget-heading\" data-id=\"5e8f736\" data-element_type=\"widget\" data-widget_type=\"heading.default\">\n\t\t\t\t<div class=\"elementor-widget-container\">\n\t\t\t<span class=\"elementor-heading-title elementor-size-default\">Tax and Legal Advisory in Custom Matters<\/span>\t\t<\/div>\n\t\t\t\t<\/div>\n\t\t\t\t<div class=\"elementor-element elementor-element-bc412b9 elementor-widget elementor-widget-heading\" data-id=\"bc412b9\" data-element_type=\"widget\" data-widget_type=\"heading.default\">\n\t\t\t\t<div class=\"elementor-widget-container\">\n\t\t\t<span class=\"elementor-heading-title elementor-size-default\">Foreign Trade Advisory<\/span>\t\t<\/div>\n\t\t\t\t<\/div>\n\t\t\t\t<\/div>\n\t\t\t\t\t<\/div>\n\t\t\t\t<\/div>\n\t\t<div class=\"elementor-element elementor-element-f5a0add e-flex e-con-boxed e-con e-parent\" data-id=\"f5a0add\" data-element_type=\"container\">\n\t\t\t\t\t<div class=\"e-con-inner\">\n\t\t\t\t<div class=\"elementor-element elementor-element-f899e33 elementor-widget elementor-widget-heading\" data-id=\"f899e33\" data-element_type=\"widget\" data-widget_type=\"heading.default\">\n\t\t\t\t<div class=\"elementor-widget-container\">\n\t\t\t<h2 class=\"elementor-heading-title elementor-size-default\">Informaci\u00f3n \u00fatil<\/h2>\t\t<\/div>\n\t\t\t\t<\/div>\n\t\t<div class=\"elementor-element elementor-element-89e0064 e-con-full e-flex e-con e-child\" data-id=\"89e0064\" data-element_type=\"container\">\n\t\t\t\t<div class=\"elementor-element elementor-element-5b0f285 elementor-widget elementor-widget-n-accordion\" data-id=\"5b0f285\" data-element_type=\"widget\" data-settings=\"{&quot;default_state&quot;:&quot;expanded&quot;,&quot;max_items_expended&quot;:&quot;one&quot;,&quot;n_accordion_animation_duration&quot;:{&quot;unit&quot;:&quot;ms&quot;,&quot;size&quot;:400,&quot;sizes&quot;:[]}}\" data-widget_type=\"nested-accordion.default\">\n\t\t\t\t<div class=\"elementor-widget-container\">\n\t\t\t\t\t<div class=\"e-n-accordion\" aria-label=\"Accordion. Open links with Enter or Space, close with Escape, and navigate with Arrow Keys\">\n\t\t\t\t\t\t<details id=\"e-n-accordion-item-9540\" class=\"e-n-accordion-item\" open>\n\t\t\t\t<summary class=\"e-n-accordion-item-title\" data-accordion-index=\"1\" tabindex=\"0\" aria-expanded=\"true\" aria-controls=\"e-n-accordion-item-9540\" >\n\t\t\t\t\t<span class='e-n-accordion-item-title-header'><div class=\"e-n-accordion-item-title-text\"> Organismos Gubernamentales <\/div><\/span>\n\t\t\t\t\t\t\t<span class='e-n-accordion-item-title-icon'>\n\t\t\t<span class='e-opened' ><svg xmlns=\"http:\/\/www.w3.org\/2000\/svg\" viewbox=\"0 0 26 26\"><defs><style>.cls-1,.cls-2{fill:none;stroke:#88c5e6;stroke-miterlimit:10;}.cls-2{stroke-width:2px;}<\/style><\/defs><title>Recurso 1<\/title><g id=\"Capa_2\" data-name=\"Capa 2\"><g id=\"Capa_1-2\" data-name=\"Capa 1\"><g id=\"g2060\"><path id=\"path2056\" class=\"cls-1\" d=\"M13,8.29l6.09,7.42\"><\/path><path id=\"path2058\" class=\"cls-1\" d=\"M13,8.29,6.91,15.71\"><\/path><\/g><circle class=\"cls-2\" cx=\"13\" cy=\"13\" r=\"12\"><\/circle><\/g><\/g><\/svg><\/span>\n\t\t\t<span class='e-closed'><svg xmlns=\"http:\/\/www.w3.org\/2000\/svg\" viewbox=\"0 0 26 26\"><defs><style>.cls-1,.cls-2{fill:none;stroke:#88c5e6;stroke-miterlimit:10;}.cls-2{stroke-width:2px;}<\/style><\/defs><title>Recurso 1<\/title><g id=\"Capa_2\" data-name=\"Capa 2\"><g id=\"Capa_1-2\" data-name=\"Capa 1\"><g id=\"g2060\"><path id=\"path2056\" class=\"cls-1\" d=\"M13,17.71l6.09-7.42\"><\/path><path id=\"path2058\" class=\"cls-1\" d=\"M13,17.71,6.91,10.29\"><\/path><\/g><circle class=\"cls-2\" cx=\"13\" cy=\"13\" r=\"12\"><\/circle><\/g><\/g><\/svg><\/span>\n\t\t<\/span>\n\n\t\t\t\t\t\t<\/summary>\n\t\t\t\t<div role=\"region\" aria-labelledby=\"e-n-accordion-item-9540\" class=\"elementor-element elementor-element-856fbe4 e-con-full e-flex e-con e-child\" data-id=\"856fbe4\" data-element_type=\"container\">\n\t\t<div role=\"region\" aria-labelledby=\"e-n-accordion-item-9540\" class=\"elementor-element elementor-element-7243b41 e-flex e-con-boxed e-con e-child\" data-id=\"7243b41\" data-element_type=\"container\">\n\t\t\t\t\t<div class=\"e-con-inner\">\n\t\t\t\t<div class=\"elementor-element elementor-element-b4cdee3 elementor-widget elementor-widget-heading\" data-id=\"b4cdee3\" data-element_type=\"widget\" data-widget_type=\"heading.default\">\n\t\t\t\t<div class=\"elementor-widget-container\">\n\t\t\t<span class=\"elementor-heading-title elementor-size-default\"><a href=\"http:\/\/www.aduana.gov.py\/\" target=\"_blank\">Direcci\u00f3n Nacional de Ingresos Tributarios<\/a><\/span>\t\t<\/div>\n\t\t\t\t<\/div>\n\t\t\t\t<div class=\"elementor-element elementor-element-80aa15f elementor-widget elementor-widget-heading\" data-id=\"80aa15f\" data-element_type=\"widget\" data-widget_type=\"heading.default\">\n\t\t\t\t<div class=\"elementor-widget-container\">\n\t\t\t<span class=\"elementor-heading-title elementor-size-default\"><a href=\"http:\/\/www.mre.gov.py\/\" target=\"_blank\">Ministerio de Relaciones Exteriores\n<\/a><\/span>\t\t<\/div>\n\t\t\t\t<\/div>\n\t\t\t\t<div class=\"elementor-element elementor-element-d5c5514 elementor-widget elementor-widget-heading\" data-id=\"d5c5514\" data-element_type=\"widget\" data-widget_type=\"heading.default\">\n\t\t\t\t<div class=\"elementor-widget-container\">\n\t\t\t<span class=\"elementor-heading-title elementor-size-default\"><a href=\"http:\/\/www.presidencia.gov.py\/\" target=\"_blank\">Presidencia de la Rep\u00fablica del Paraguay\n<\/a><\/span>\t\t<\/div>\n\t\t\t\t<\/div>\n\t\t\t\t<div class=\"elementor-element elementor-element-31303cf elementor-widget elementor-widget-heading\" data-id=\"31303cf\" data-element_type=\"widget\" data-widget_type=\"heading.default\">\n\t\t\t\t<div class=\"elementor-widget-container\">\n\t\t\t<span class=\"elementor-heading-title elementor-size-default\"><a href=\"http:\/\/www.mic.gov.py\/\" target=\"_blank\">Ministerio de Industria y Comercio\n<\/a><\/span>\t\t<\/div>\n\t\t\t\t<\/div>\n\t\t\t\t<div class=\"elementor-element elementor-element-d76fb67 elementor-widget elementor-widget-heading\" data-id=\"d76fb67\" data-element_type=\"widget\" data-widget_type=\"heading.default\">\n\t\t\t\t<div class=\"elementor-widget-container\">\n\t\t\t<span class=\"elementor-heading-title elementor-size-default\"><a href=\"http:\/\/www.mspbs.gov.py\/\" target=\"_blank\">Ministerio de salud p\u00fablica y bienestar social\n<\/a><\/span>\t\t<\/div>\n\t\t\t\t<\/div>\n\t\t\t\t<div class=\"elementor-element elementor-element-50611ca elementor-widget elementor-widget-heading\" data-id=\"50611ca\" data-element_type=\"widget\" data-widget_type=\"heading.default\">\n\t\t\t\t<div class=\"elementor-widget-container\">\n\t\t\t<span class=\"elementor-heading-title elementor-size-default\"><a href=\"http:\/\/www.mopc.gov.py\/\" target=\"_blank\">Ministerio de obras p\u00fablicas y comunicaciones<\/a><\/span>\t\t<\/div>\n\t\t\t\t<\/div>\n\t\t\t\t\t<\/div>\n\t\t\t\t<\/div>\n\t\t\t\t<\/div>\n\t\t\t\t\t<\/details>\n\t\t\t\t\t<\/div>\n\t\t\t\t<\/div>\n\t\t\t\t<\/div>\n\t\t\t\t<div class=\"elementor-element elementor-element-d51a604 elementor-widget elementor-widget-n-accordion\" data-id=\"d51a604\" data-element_type=\"widget\" data-settings=\"{&quot;default_state&quot;:&quot;expanded&quot;,&quot;max_items_expended&quot;:&quot;one&quot;,&quot;n_accordion_animation_duration&quot;:{&quot;unit&quot;:&quot;ms&quot;,&quot;size&quot;:400,&quot;sizes&quot;:[]}}\" data-widget_type=\"nested-accordion.default\">\n\t\t\t\t<div class=\"elementor-widget-container\">\n\t\t\t\t\t<div class=\"e-n-accordion\" aria-label=\"Accordion. Open links with Enter or Space, close with Escape, and navigate with Arrow Keys\">\n\t\t\t\t\t\t<details id=\"e-n-accordion-item-2230\" class=\"e-n-accordion-item\" open>\n\t\t\t\t<summary class=\"e-n-accordion-item-title\" data-accordion-index=\"1\" tabindex=\"0\" aria-expanded=\"true\" aria-controls=\"e-n-accordion-item-2230\" >\n\t\t\t\t\t<span class='e-n-accordion-item-title-header'><div class=\"e-n-accordion-item-title-text\"> Organizaciones <\/div><\/span>\n\t\t\t\t\t\t\t<span class='e-n-accordion-item-title-icon'>\n\t\t\t<span class='e-opened' ><svg xmlns=\"http:\/\/www.w3.org\/2000\/svg\" viewbox=\"0 0 26 26\"><defs><style>.cls-1,.cls-2{fill:none;stroke:#88c5e6;stroke-miterlimit:10;}.cls-2{stroke-width:2px;}<\/style><\/defs><title>Recurso 1<\/title><g id=\"Capa_2\" data-name=\"Capa 2\"><g id=\"Capa_1-2\" data-name=\"Capa 1\"><g id=\"g2060\"><path id=\"path2056\" class=\"cls-1\" d=\"M13,8.29l6.09,7.42\"><\/path><path id=\"path2058\" class=\"cls-1\" d=\"M13,8.29,6.91,15.71\"><\/path><\/g><circle class=\"cls-2\" cx=\"13\" cy=\"13\" r=\"12\"><\/circle><\/g><\/g><\/svg><\/span>\n\t\t\t<span class='e-closed'><svg xmlns=\"http:\/\/www.w3.org\/2000\/svg\" viewbox=\"0 0 26 26\"><defs><style>.cls-1,.cls-2{fill:none;stroke:#88c5e6;stroke-miterlimit:10;}.cls-2{stroke-width:2px;}<\/style><\/defs><title>Recurso 1<\/title><g id=\"Capa_2\" data-name=\"Capa 2\"><g id=\"Capa_1-2\" data-name=\"Capa 1\"><g id=\"g2060\"><path id=\"path2056\" class=\"cls-1\" d=\"M13,17.71l6.09-7.42\"><\/path><path id=\"path2058\" class=\"cls-1\" d=\"M13,17.71,6.91,10.29\"><\/path><\/g><circle class=\"cls-2\" cx=\"13\" cy=\"13\" r=\"12\"><\/circle><\/g><\/g><\/svg><\/span>\n\t\t<\/span>\n\n\t\t\t\t\t\t<\/summary>\n\t\t\t\t<div role=\"region\" aria-labelledby=\"e-n-accordion-item-2230\" class=\"elementor-element elementor-element-ebe7233 e-con-full e-flex e-con e-child\" data-id=\"ebe7233\" data-element_type=\"container\">\n\t\t<div role=\"region\" aria-labelledby=\"e-n-accordion-item-2230\" class=\"elementor-element elementor-element-e6be09b e-flex e-con-boxed e-con e-child\" data-id=\"e6be09b\" data-element_type=\"container\">\n\t\t\t\t\t<div class=\"e-con-inner\">\n\t\t\t\t<div class=\"elementor-element elementor-element-76330f2 elementor-widget elementor-widget-heading\" data-id=\"76330f2\" data-element_type=\"widget\" data-widget_type=\"heading.default\">\n\t\t\t\t<div class=\"elementor-widget-container\">\n\t\t\t<span class=\"elementor-heading-title elementor-size-default\"><a href=\"http:\/\/www.cip.org.py\/\" target=\"_blank\">Centro de Importadores del Paraguay\n<\/a><\/span>\t\t<\/div>\n\t\t\t\t<\/div>\n\t\t\t\t<div class=\"elementor-element elementor-element-337aad7 elementor-widget elementor-widget-heading\" data-id=\"337aad7\" data-element_type=\"widget\" data-widget_type=\"heading.default\">\n\t\t\t\t<div class=\"elementor-widget-container\">\n\t\t\t<span class=\"elementor-heading-title elementor-size-default\"><a href=\"http:\/\/www.capex.org.py\/\" target=\"_blank\">C\u00e1mara paraguaya de exportadores\n<\/a><\/span>\t\t<\/div>\n\t\t\t\t<\/div>\n\t\t\t\t<div class=\"elementor-element elementor-element-79bd9c7 elementor-widget elementor-widget-heading\" data-id=\"79bd9c7\" data-element_type=\"widget\" data-widget_type=\"heading.default\">\n\t\t\t\t<div class=\"elementor-widget-container\">\n\t\t\t<span class=\"elementor-heading-title elementor-size-default\"><a href=\"http:\/\/www.ccparaguay.com.py\/\" target=\"_blank\">C\u00e1mara nacional de comercio y servicios de Paraguay<\/a><\/span>\t\t<\/div>\n\t\t\t\t<\/div>\n\t\t\t\t\t<\/div>\n\t\t\t\t<\/div>\n\t\t\t\t<\/div>\n\t\t\t\t\t<\/details>\n\t\t\t\t\t<\/div>\n\t\t\t\t<\/div>\n\t\t\t\t<\/div>\n\t\t\t\t<\/div>\n\t\t\t\t\t<\/div>\n\t\t\t\t<\/div>\n\t\t\t\t<\/div>","protected":false},"excerpt":{"rendered":"<p>Servicios Brindamos la m\u00e1s amplia gama de servicios en Comercio Exterior, manejando toda la informaci\u00f3n necesaria para que las operaciones de nuestros clientes se concreten r\u00e1pida y exitosamente. Despachos Aduaneros Importaci\u00f3n Exportaci\u00f3n R\u00e9gimen de Admisi\u00f3n Temporaria R\u00e9gimen de Maquila Proyecto de Inversiones Ley 60\/90 Estudios de mercado Apertura de empresas Joint Ventures Contrataci\u00f3n de fletes [&hellip;]<\/p>","protected":false},"author":1,"featured_media":0,"parent":0,"menu_order":0,"comment_status":"closed","ping_status":"closed","template":"","meta":{"footnotes":""},"class_list":["post-102","page","type-page","status-publish","hentry"],"_links":{"self":[{"href":"https:\/\/agf.marketingbambu.com\/en\/wp-json\/wp\/v2\/pages\/102","targetHints":{"allow":["GET"]}}],"collection":[{"href":"https:\/\/agf.marketingbambu.com\/en\/wp-json\/wp\/v2\/pages"}],"about":[{"href":"https:\/\/agf.marketingbambu.com\/en\/wp-json\/wp\/v2\/types\/page"}],"author":[{"embeddable":true,"href":"https:\/\/agf.marketingbambu.com\/en\/wp-json\/wp\/v2\/users\/1"}],"replies":[{"embeddable":true,"href":"https:\/\/agf.marketingbambu.com\/en\/wp-json\/wp\/v2\/comments?post=102"}],"version-history":[{"count":43,"href":"https:\/\/agf.marketingbambu.com\/en\/wp-json\/wp\/v2\/pages\/102\/revisions"}],"predecessor-version":[{"id":465,"href":"https:\/\/agf.marketingbambu.com\/en\/wp-json\/wp\/v2\/pages\/102\/revisions\/465"}],"wp:attachment":[{"href":"https:\/\/agf.marketingbambu.com\/en\/wp-json\/wp\/v2\/media?parent=102"}],"curies":[{"name":"wp","href":"https:\/\/api.w.org\/{rel}","templated":true}]}}